{"id":165,"date":"2024-09-21T21:06:46","date_gmt":"2024-09-21T21:06:46","guid":{"rendered":"https:\/\/telysel.com\/?page_id=165"},"modified":"2024-09-23T01:34:41","modified_gmt":"2024-09-23T01:34:41","slug":"cctv-2","status":"publish","type":"page","link":"https:\/\/telysel.com\/?page_id=165","title":{"rendered":"CCTV"},"content":{"rendered":"<p>[et_pb_section fb_built=&#8221;1&#8243; fullwidth=&#8221;on&#8221; _builder_version=&#8221;4.18.1&#8243; _module_preset=&#8221;default&#8221; global_colors_info=&#8221;{}&#8221;][et_pb_fullwidth_header _builder_version=&#8221;4.18.1&#8243; _module_preset=&#8221;default&#8221; title_text_color=&#8221;#FFFFFF&#8221; title_font_size=&#8221;47px&#8221; content_font=&#8221;Aldrich||||||||&#8221; content_font_size=&#8221;60px&#8221; background_image=&#8221;https:\/\/telysel.com\/wp-content\/uploads\/2024\/09\/pexels-scottwebb-430208-1-scaled.jpg&#8221; min_height=&#8221;402px&#8221; custom_margin=&#8221;||304px||false|false&#8221; custom_padding=&#8221;0px|||||&#8221; global_colors_info=&#8221;{}&#8221;]<\/p>\n<h1 style=\"text-align: center;\"><\/h1>\n<h1 style=\"text-align: center;\"><\/h1>\n<h1 style=\"text-align: center;\"><\/h1>\n<h1 style=\"text-align: center;\"><\/h1>\n<h1 style=\"text-align: center;\"><\/h1>\n<h1 style=\"text-align: center;\"><\/h1>\n<h1 style=\"text-align: center;\"><\/h1>\n<h1 style=\"text-align: center;\"><\/h1>\n<h1 style=\"text-align: center;\"><\/h1>\n<h1 style=\"text-align: center;\"><\/h1>\n<h1 style=\"text-align: center;\"><\/h1>\n<h1 style=\"text-align: center;\"><\/h1>\n<h1 style=\"text-align: center;\"><\/h1>\n<h1 style=\"text-align: center;\"><\/h1>\n<h1 style=\"text-align: center;\"><\/h1>\n<h1 style=\"text-align: center;\"><\/h1>\n<h1 style=\"text-align: center;\"><\/h1>\n<h1 style=\"text-align: center;\"><\/h1>\n<h1 style=\"text-align: center;\">CCTV<\/h1>\n<p>[\/et_pb_fullwidth_header][\/et_pb_section][et_pb_section fb_built=&#8221;1&#8243; _builder_version=&#8221;4.18.1&#8243; _module_preset=&#8221;default&#8221; custom_margin=&#8221;-220px||||false|false&#8221; global_colors_info=&#8221;{}&#8221;][et_pb_row column_structure=&#8221;1_4,1_4,1_4,1_4&#8243; _builder_version=&#8221;4.18.1&#8243; _module_preset=&#8221;default&#8221; global_colors_info=&#8221;{}&#8221;][et_pb_column type=&#8221;1_4&#8243; _builder_version=&#8221;4.18.1&#8243; _module_preset=&#8221;default&#8221; global_colors_info=&#8221;{}&#8221;][et_pb_blurb title=&#8221;Anal\u00f3gico e IP&#8221; image=&#8221;https:\/\/telysel.com\/wp-content\/uploads\/2024\/09\/360_F_848882077_5NnqyoZLS1TtfGsAyQBtWybaWVWvVWYE.jpg&#8221; _builder_version=&#8221;4.18.1&#8243; _module_preset=&#8221;default&#8221; header_font=&#8221;Aldrich||||||||&#8221; header_text_color=&#8221;#224193&#8243; body_font=&#8221;||||||||&#8221; body_text_color=&#8221;#222244&#8243; custom_margin=&#8221;-2px||||false|false&#8221; global_colors_info=&#8221;{}&#8221;]<\/p>\n<p>Soluciones de comunicaci\u00f3n confiables mediante l\u00edneas telef\u00f3nicas tradicionales y tecnolog\u00eda IP avanzada para una conectividad flexible y eficiente.<\/p>\n<p>&nbsp;<\/p>\n<p>[\/et_pb_blurb][\/et_pb_column][et_pb_column type=&#8221;1_4&#8243; _builder_version=&#8221;4.18.1&#8243; _module_preset=&#8221;default&#8221; global_colors_info=&#8221;{}&#8221;][et_pb_blurb title=&#8221;Alta Resoluci\u00f3n &#8221; image=&#8221;https:\/\/telysel.com\/wp-content\/uploads\/2024\/09\/23981-200.png&#8221; _builder_version=&#8221;4.18.1&#8243; _module_preset=&#8221;default&#8221; header_font=&#8221;Aldrich||||||||&#8221; header_text_color=&#8221;#224193&#8243; custom_margin=&#8221;22px||||false|false&#8221; global_colors_info=&#8221;{}&#8221;]<\/p>\n<p>Brindamos servicios de alta resoluci\u00f3n para garantizar im\u00e1genes y videos n\u00edtidos y de calidad superior en todas tus comunicaciones y transmisiones.<\/p>\n<p>[\/et_pb_blurb][\/et_pb_column][et_pb_column type=&#8221;1_4&#8243; _builder_version=&#8221;4.18.1&#8243; _module_preset=&#8221;default&#8221; global_colors_info=&#8221;{}&#8221;][et_pb_blurb title=&#8221;Soluciones para ambientes extremos &#8221; image=&#8221;https:\/\/telysel.com\/wp-content\/uploads\/2024\/09\/images-1.png&#8221; image_icon_width=&#8221;82%&#8221; _builder_version=&#8221;4.18.1&#8243; _module_preset=&#8221;default&#8221; header_font=&#8221;Aldrich||||||||&#8221; header_text_color=&#8221;#224193&#8243; image_icon_custom_margin=&#8221;19px||||false|false&#8221; global_colors_info=&#8221;{}&#8221;]<\/p>\n<p>Ofrecemos soluciones de telecomunicaciones robustas y confiables, dise\u00f1adas para operar eficientemente en los entornos m\u00e1s desafiantes y extremos.<\/p>\n<p>[\/et_pb_blurb][\/et_pb_column][et_pb_column type=&#8221;1_4&#8243; _builder_version=&#8221;4.18.1&#8243; _module_preset=&#8221;default&#8221; global_colors_info=&#8221;{}&#8221;][et_pb_blurb title=&#8221;Software de monitoreo en tiempo real &#8221; image=&#8221;https:\/\/telysel.com\/wp-content\/uploads\/2024\/09\/monitoring-software-line-icon-vector.jpg&#8221; _builder_version=&#8221;4.18.1&#8243; _module_preset=&#8221;default&#8221; header_font=&#8221;Aldrich||||||||&#8221; header_text_color=&#8221;#224193&#8243; image_icon_custom_margin=&#8221;33px||||false|false&#8221; custom_margin=&#8221;-39px||||false|false&#8221; global_colors_info=&#8221;{}&#8221;]<\/p>\n<p>software de monitoreo en tiempo real que garantiza el control continuo y eficiente de sus sistemas, mejorando la seguridad y la productividad.<\/p>\n<p>[\/et_pb_blurb][\/et_pb_column][\/et_pb_row][\/et_pb_section][et_pb_section fb_built=&#8221;1&#8243; _builder_version=&#8221;4.18.1&#8243; _module_preset=&#8221;default&#8221; global_colors_info=&#8221;{}&#8221;][et_pb_row column_structure=&#8221;1_4,1_4,1_4,1_4&#8243; _builder_version=&#8221;4.18.1&#8243; _module_preset=&#8221;default&#8221; global_colors_info=&#8221;{}&#8221;][et_pb_column type=&#8221;1_4&#8243; _builder_version=&#8221;4.18.1&#8243; _module_preset=&#8221;default&#8221; global_colors_info=&#8221;{}&#8221;][et_pb_blurb title=&#8221;Identificaci\u00f3n y reconocimiento facial&#8221; image=&#8221;https:\/\/telysel.com\/wp-content\/uploads\/2024\/09\/facial.png&#8221; _builder_version=&#8221;4.18.1&#8243; _module_preset=&#8221;default&#8221; header_font=&#8221;Aldrich||||||||&#8221; header_text_color=&#8221;#224193&#8243; global_colors_info=&#8221;{}&#8221;]<\/p>\n<p>Soluciones avanzadas de identificaci\u00f3n y reconocimiento facial para mejorar la seguridad y agilizar procesos de autenticaci\u00f3n en tiempo real.<\/p>\n<p>[\/et_pb_blurb][\/et_pb_column][et_pb_column type=&#8221;1_4&#8243; _builder_version=&#8221;4.18.1&#8243; _module_preset=&#8221;default&#8221; global_colors_info=&#8221;{}&#8221;][et_pb_blurb title=&#8221;Soluci\u00f3n ANPR para identificaci\u00f3n de placas vehiculares &#8221; image=&#8221;https:\/\/telysel.com\/wp-content\/uploads\/2024\/09\/images.png&#8221; _builder_version=&#8221;4.18.1&#8243; _module_preset=&#8221;default&#8221; header_font=&#8221;Aldrich||||||||&#8221; header_text_color=&#8221;#224193&#8243; global_colors_info=&#8221;{}&#8221;]<\/p>\n<p>Permite la identificaci\u00f3n autom\u00e1tica de placas vehiculares, optimizando la seguridad y el control de accesos en tiempo real.<\/p>\n<p>[\/et_pb_blurb][\/et_pb_column][et_pb_column type=&#8221;1_4&#8243; _builder_version=&#8221;4.18.1&#8243; _module_preset=&#8221;default&#8221; global_colors_info=&#8221;{}&#8221;][et_pb_blurb title=&#8221;Exclusion por IA para \u00e1reas perimetrales&#8221; image=&#8221;https:\/\/telysel.com\/wp-content\/uploads\/2024\/09\/computer-security-line-icon-vector.jpg&#8221; image_icon_width=&#8221;196%&#8221; _builder_version=&#8221;4.18.1&#8243; _module_preset=&#8221;default&#8221; header_font=&#8221;Aldrich||||||||&#8221; header_text_color=&#8221;#224193&#8243; global_colors_info=&#8221;{}&#8221;]<\/p>\n<p>Tecnolog\u00eda avanzada para detectar y alertar sobre intrusiones en \u00e1reas perimetrales, garantizando la seguridad de su propiedad.<\/p>\n<p>[\/et_pb_blurb][\/et_pb_column][et_pb_column type=&#8221;1_4&#8243; _builder_version=&#8221;4.18.1&#8243; _module_preset=&#8221;default&#8221; global_colors_info=&#8221;{}&#8221;][et_pb_blurb title=&#8221;Soluciones Smart Retail para SMB&#8221; image=&#8221;https:\/\/telysel.com\/wp-content\/uploads\/2024\/09\/Shopping-37-512.webp&#8221; image_icon_width=&#8221;94%&#8221; _builder_version=&#8221;4.18.1&#8243; _module_preset=&#8221;default&#8221; header_font=&#8221;Aldrich||||||||&#8221; header_text_color=&#8221;#224193&#8243; image_icon_custom_margin=&#8221;12px||||false|false&#8221; custom_margin=&#8221;-2px||||false|false&#8221; global_colors_info=&#8221;{}&#8221;]<\/p>\n<p>Ofrecemos soluciones de Smart Retail dise\u00f1adas para peque\u00f1as y medianas empresas, que optimizan la gesti\u00f3n de inventarios y mejoran la experiencia del cliente a trav\u00e9s de tecnolog\u00eda innovadora.<\/p>\n<p>[\/et_pb_blurb][\/et_pb_column][\/et_pb_row][\/et_pb_section][et_pb_section fb_built=&#8221;1&#8243; theme_builder_area=&#8221;post_content&#8221; _builder_version=&#8221;4.18.1&#8243; _module_preset=&#8221;default&#8221; background_color=&#8221;#000000&#8243; hover_enabled=&#8221;0&#8243; sticky_enabled=&#8221;0&#8243;][et_pb_row _builder_version=&#8221;4.18.1&#8243; _module_preset=&#8221;default&#8221; column_structure=&#8221;2_5,3_5&#8243; theme_builder_area=&#8221;post_content&#8221;][et_pb_column _builder_version=&#8221;4.18.1&#8243; _module_preset=&#8221;default&#8221; type=&#8221;2_5&#8243; theme_builder_area=&#8221;post_content&#8221;][et_pb_image src=&#8221;https:\/\/telysel.com\/wp-content\/uploads\/2024\/09\/41GT4aV2LwL._SR290290_.jpg&#8221; _builder_version=&#8221;4.18.1&#8243; _module_preset=&#8221;default&#8221; theme_builder_area=&#8221;post_content&#8221; title_text=&#8221;41GT4aV2LwL._SR290,290_&#8221; hover_enabled=&#8221;0&#8243; sticky_enabled=&#8221;0&#8243;][\/et_pb_image][\/et_pb_column][et_pb_column _builder_version=&#8221;4.18.1&#8243; _module_preset=&#8221;default&#8221; type=&#8221;3_5&#8243; theme_builder_area=&#8221;post_content&#8221;][et_pb_text _builder_version=&#8221;4.18.1&#8243; _module_preset=&#8221;default&#8221; theme_builder_area=&#8221;post_content&#8221; hover_enabled=&#8221;0&#8243; sticky_enabled=&#8221;0&#8243; header_font=&#8221;Aldrich||||||||&#8221;]<\/p>\n<h1 style=\"text-align: center;\"><span style=\"color: #ffffff;\">Monturas y Pedestales<\/span><\/h1>\n<p>[\/et_pb_text][et_pb_text _builder_version=&#8221;4.18.1&#8243; _module_preset=&#8221;default&#8221; theme_builder_area=&#8221;post_content&#8221; hover_enabled=&#8221;0&#8243; sticky_enabled=&#8221;0&#8243;]<\/p>\n<ul>\n<li><span style=\"color: #ffffff;\">Soportes dise\u00f1ados para mantener el tel\u00e9fono en posici\u00f3n vertical u horizontal sobre una superficie plana (escritorio, mesa,carro).<\/span><\/li>\n<li><span style=\"color: #ffffff;\">Vienen en diferentes estilos y materiales (pl\u00e1stico, metal, ).<\/span><\/li>\n<li><span style=\"color: #ffffff;\">Tienen opciones ajustables para cambiar el \u00e1ngulo de visi\u00f3n.<\/span><\/li>\n<\/ul>\n<p>[\/et_pb_text][\/et_pb_column][\/et_pb_row][\/et_pb_section]<\/p>\n","protected":false},"excerpt":{"rendered":"<p>CCTVSoluciones de comunicaci\u00f3n confiables mediante l\u00edneas telef\u00f3nicas tradicionales y tecnolog\u00eda IP avanzada para una conectividad flexible y eficiente. &nbsp;Brindamos servicios de alta resoluci\u00f3n para garantizar im\u00e1genes y videos n\u00edtidos y de calidad superior en todas tus comunicaciones y transmisiones.Ofrecemos soluciones de telecomunicaciones robustas y confiables, dise\u00f1adas para operar eficientemente en los entornos m\u00e1s desafiantes y [&hellip;]<\/p>\n","protected":false},"author":2,"featured_media":0,"parent":0,"menu_order":0,"comment_status":"closed","ping_status":"closed","template":"","meta":{"_et_pb_use_builder":"on","_et_pb_old_content":"","_et_gb_content_width":"","footnotes":""},"class_list":["post-165","page","type-page","status-publish","hentry"],"jetpack_sharing_enabled":true,"_links":{"self":[{"href":"https:\/\/telysel.com\/index.php?rest_route=\/wp\/v2\/pages\/165","targetHints":{"allow":["GET"]}}],"collection":[{"href":"https:\/\/telysel.com\/index.php?rest_route=\/wp\/v2\/pages"}],"about":[{"href":"https:\/\/telysel.com\/index.php?rest_route=\/wp\/v2\/types\/page"}],"author":[{"embeddable":true,"href":"https:\/\/telysel.com\/index.php?rest_route=\/wp\/v2\/users\/2"}],"replies":[{"embeddable":true,"href":"https:\/\/telysel.com\/index.php?rest_route=%2Fwp%2Fv2%2Fcomments&post=165"}],"version-history":[{"count":18,"href":"https:\/\/telysel.com\/index.php?rest_route=\/wp\/v2\/pages\/165\/revisions"}],"predecessor-version":[{"id":399,"href":"https:\/\/telysel.com\/index.php?rest_route=\/wp\/v2\/pages\/165\/revisions\/399"}],"wp:attachment":[{"href":"https:\/\/telysel.com\/index.php?rest_route=%2Fwp%2Fv2%2Fmedia&parent=165"}],"curies":[{"name":"wp","href":"https:\/\/api.w.org\/{rel}","templated":true}]}}