{"id":156,"date":"2024-09-21T21:07:09","date_gmt":"2024-09-21T21:07:09","guid":{"rendered":"https:\/\/telysel.com\/?page_id=156"},"modified":"2024-09-22T21:08:17","modified_gmt":"2024-09-22T21:08:17","slug":"proteccion-perimetral","status":"publish","type":"page","link":"https:\/\/telysel.com\/?page_id=156","title":{"rendered":"Protecci\u00f3n Perimetral"},"content":{"rendered":"<p>[et_pb_section fb_built=&#8221;1&#8243; fullwidth=&#8221;on&#8221; _builder_version=&#8221;4.18.1&#8243; _module_preset=&#8221;default&#8221; custom_margin=&#8221;||-7px|||&#8221; global_colors_info=&#8221;{}&#8221;][et_pb_fullwidth_header _builder_version=&#8221;4.18.1&#8243; _module_preset=&#8221;default&#8221; content_font=&#8221;Aldrich||||||||&#8221; content_font_size=&#8221;47px&#8221; background_image=&#8221;https:\/\/telysel.com\/wp-content\/uploads\/2024\/09\/sweder-breet-XI2ag_c_ePg-unsplash-scaled.jpg&#8221; min_height=&#8221;402px&#8221; custom_margin=&#8221;||304px|||&#8221; global_colors_info=&#8221;{}&#8221;]<\/p>\n<h1 style=\"text-align: center;\"><\/h1>\n<p>&nbsp;<\/p>\n<p>&nbsp;<\/p>\n<p>&nbsp;<\/p>\n<p>&nbsp;<\/p>\n<p>&nbsp;<\/p>\n<p style=\"text-align: center;\">Protecci\u00f3n Perimetral<\/p>\n<p>[\/et_pb_fullwidth_header][\/et_pb_section][et_pb_section fb_built=&#8221;1&#8243; _builder_version=&#8221;4.18.1&#8243; _module_preset=&#8221;default&#8221; min_height=&#8221;595.8px&#8221; custom_margin=&#8221;-310px|||||&#8221; custom_padding=&#8221;70px|||||&#8221; global_colors_info=&#8221;{}&#8221;][et_pb_row column_structure=&#8221;1_3,1_3,1_3&#8243; _builder_version=&#8221;4.18.1&#8243; _module_preset=&#8221;default&#8221; global_colors_info=&#8221;{}&#8221; custom_padding=&#8221;|||3px||&#8221;][et_pb_column type=&#8221;1_3&#8243; _builder_version=&#8221;4.18.1&#8243; _module_preset=&#8221;default&#8221; global_colors_info=&#8221;{}&#8221;][et_pb_blurb title=&#8221;Instalaci\u00f3n y Pruebas &#8221; image=&#8221;https:\/\/telysel.com\/wp-content\/uploads\/2024\/09\/warning_5172824.png&#8221; content_max_width=&#8221;208px&#8221; _builder_version=&#8221;4.18.1&#8243; _module_preset=&#8221;default&#8221; header_font=&#8221;Aldrich||||||||&#8221; header_text_align=&#8221;center&#8221; header_text_color=&#8221;#224193&#8243; body_line_height=&#8221;1.6em&#8221; background_color=&#8221;#FFFFFF&#8221; hover_enabled=&#8221;0&#8243; global_colors_info=&#8221;{}&#8221; sticky_enabled=&#8221;0&#8243; body_text_color=&#8221;#000000&#8243;]<\/p>\n<p>\u00a0Garantiza que todos los sistemas se implementen correctamente y funcionen de manera \u00f3ptima.\u00a0<\/p>\n<p>[\/et_pb_blurb][\/et_pb_column][et_pb_column type=&#8221;1_3&#8243; _builder_version=&#8221;4.18.1&#8243; _module_preset=&#8221;default&#8221; global_colors_info=&#8221;{}&#8221;][et_pb_blurb title=&#8221;Sensores de Movimiento &#8221; image=&#8221;https:\/\/telysel.com\/wp-content\/uploads\/2024\/09\/medical_13777230.png&#8221; image_icon_width=&#8221;65%&#8221; _builder_version=&#8221;4.18.1&#8243; _module_preset=&#8221;default&#8221; header_font=&#8221;Aldrich||||||||&#8221; header_text_align=&#8221;center&#8221; header_text_color=&#8221;#224193&#8243; hover_enabled=&#8221;0&#8243; global_colors_info=&#8221;{}&#8221; sticky_enabled=&#8221;0&#8243; body_text_color=&#8221;#000000&#8243;]<\/p>\n<p>Detectan actividad en tiempo real, mejorando la seguridad y la automatizaci\u00f3n de espacios al activar alertas o sistemas de respuesta inmediata.<\/p>\n<p>[\/et_pb_blurb][\/et_pb_column][et_pb_column type=&#8221;1_3&#8243; _builder_version=&#8221;4.18.1&#8243; _module_preset=&#8221;default&#8221; global_colors_info=&#8221;{}&#8221;][et_pb_blurb title=&#8221;Barreras&#8221; image=&#8221;https:\/\/telysel.com\/wp-content\/uploads\/2024\/09\/barrier_15323687.png&#8221; image_icon_width=&#8221;65%&#8221; _builder_version=&#8221;4.18.1&#8243; _module_preset=&#8221;default&#8221; header_font=&#8221;Aldrich||||||||&#8221; header_text_align=&#8221;center&#8221; header_text_color=&#8221;#224193&#8243; hover_enabled=&#8221;0&#8243; global_colors_info=&#8221;{}&#8221; sticky_enabled=&#8221;0&#8243; custom_margin=&#8221;-3px||||false|false&#8221; body_text_color=&#8221;#000000&#8243;]<\/p>\n<p>Nuestras barreras ofrecen soluciones efectivas para el control de acceso y la seguridad, adapt\u00e1ndose a diferentes entornos y necesidades.<\/p>\n<p>[\/et_pb_blurb][\/et_pb_column][\/et_pb_row][et_pb_row column_structure=&#8221;1_3,1_3,1_3&#8243; _builder_version=&#8221;4.18.1&#8243; _module_preset=&#8221;default&#8221; global_colors_info=&#8221;{}&#8221;][et_pb_column type=&#8221;1_3&#8243; _builder_version=&#8221;4.18.1&#8243; _module_preset=&#8221;default&#8221; global_colors_info=&#8221;{}&#8221;][et_pb_blurb title=&#8221;Cercas El\u00e9ctricas&#8221; image=&#8221;https:\/\/telysel.com\/wp-content\/uploads\/2024\/09\/wire_8714187.png&#8221; content_max_width=&#8221;214px&#8221; _builder_version=&#8221;4.18.1&#8243; _module_preset=&#8221;default&#8221; header_font=&#8221;Aldrich||||||||&#8221; header_text_align=&#8221;center&#8221; header_text_color=&#8221;#224193&#8243; width=&#8221;100%&#8221; hover_enabled=&#8221;0&#8243; global_colors_info=&#8221;{}&#8221; sticky_enabled=&#8221;0&#8243; body_text_color=&#8221;#000000&#8243;]<\/p>\n<p>Ofrecen una soluci\u00f3n de seguridad efectiva, disuadiendo intrusos y protegiendo propiedades al proporcionar una barrera f\u00edsica y el\u00e9ctrica confiable.<\/p>\n<p>[\/et_pb_blurb][\/et_pb_column][et_pb_column type=&#8221;1_3&#8243; _builder_version=&#8221;4.18.1&#8243; _module_preset=&#8221;default&#8221; global_colors_info=&#8221;{}&#8221;][et_pb_blurb title=&#8221;Sistemas de Monitoreo y Alarmas&#8221; image=&#8221;https:\/\/telysel.com\/wp-content\/uploads\/2024\/09\/notification_12490835.png&#8221; content_max_width=&#8221;214px&#8221; _builder_version=&#8221;4.18.1&#8243; _module_preset=&#8221;default&#8221; header_text_color=&#8221;#224193&#8243; body_font=&#8221;||||||||&#8221; body_text_align=&#8221;center&#8221; body_text_color=&#8221;#000000&#8243; hover_enabled=&#8221;0&#8243; global_colors_info=&#8221;{}&#8221; sticky_enabled=&#8221;0&#8243;]<\/p>\n<p style=\"text-align: left;\">Garantizan la seguridad de su propiedad, detectando intrusiones y alert\u00e1ndolo en tiempo real para una respuesta r\u00e1pida y efectiva.<\/p>\n<p>[\/et_pb_blurb][\/et_pb_column][et_pb_column type=&#8221;1_3&#8243; _builder_version=&#8221;4.18.1&#8243; _module_preset=&#8221;default&#8221; global_colors_info=&#8221;{}&#8221;][et_pb_blurb title=&#8221;Geolocalizaci\u00f3n &#8221; image=&#8221;https:\/\/telysel.com\/wp-content\/uploads\/2024\/09\/location_1792090.png&#8221; content_max_width=&#8221;225px&#8221; _builder_version=&#8221;4.18.1&#8243; _module_preset=&#8221;default&#8221; header_font=&#8221;Aldrich||||||||&#8221; header_text_align=&#8221;center&#8221; header_text_color=&#8221;#224193&#8243; hover_enabled=&#8221;0&#8243; global_colors_info=&#8221;{}&#8221; sticky_enabled=&#8221;0&#8243; body_text_color=&#8221;#000000&#8243;]<\/p>\n<p>Permite rastrear y gestionar activos en tiempo real, optimizando la log\u00edstica y mejorando la eficiencia operativa.<\/p>\n<p>[\/et_pb_blurb][\/et_pb_column][\/et_pb_row][\/et_pb_section]<\/p>\n","protected":false},"excerpt":{"rendered":"<p>&nbsp; &nbsp; &nbsp; &nbsp; &nbsp; Protecci\u00f3n Perimetral\u00a0Garantiza que todos los sistemas se implementen correctamente y funcionen de manera \u00f3ptima.\u00a0Detectan actividad en tiempo real, mejorando la seguridad y la automatizaci\u00f3n de espacios al activar alertas o sistemas de respuesta inmediata.Nuestras barreras ofrecen soluciones efectivas para el control de acceso y la seguridad, adapt\u00e1ndose a diferentes entornos [&hellip;]<\/p>\n","protected":false},"author":2,"featured_media":0,"parent":0,"menu_order":0,"comment_status":"closed","ping_status":"closed","template":"","meta":{"_et_pb_use_builder":"on","_et_pb_old_content":"","_et_gb_content_width":"","footnotes":""},"class_list":["post-156","page","type-page","status-publish","hentry"],"jetpack_sharing_enabled":true,"_links":{"self":[{"href":"https:\/\/telysel.com\/index.php?rest_route=\/wp\/v2\/pages\/156","targetHints":{"allow":["GET"]}}],"collection":[{"href":"https:\/\/telysel.com\/index.php?rest_route=\/wp\/v2\/pages"}],"about":[{"href":"https:\/\/telysel.com\/index.php?rest_route=\/wp\/v2\/types\/page"}],"author":[{"embeddable":true,"href":"https:\/\/telysel.com\/index.php?rest_route=\/wp\/v2\/users\/2"}],"replies":[{"embeddable":true,"href":"https:\/\/telysel.com\/index.php?rest_route=%2Fwp%2Fv2%2Fcomments&post=156"}],"version-history":[{"count":10,"href":"https:\/\/telysel.com\/index.php?rest_route=\/wp\/v2\/pages\/156\/revisions"}],"predecessor-version":[{"id":349,"href":"https:\/\/telysel.com\/index.php?rest_route=\/wp\/v2\/pages\/156\/revisions\/349"}],"wp:attachment":[{"href":"https:\/\/telysel.com\/index.php?rest_route=%2Fwp%2Fv2%2Fmedia&parent=156"}],"curies":[{"name":"wp","href":"https:\/\/api.w.org\/{rel}","templated":true}]}}