{"id":139,"date":"2024-09-11T20:47:19","date_gmt":"2024-09-11T20:47:19","guid":{"rendered":"https:\/\/telysel.com\/?page_id=139"},"modified":"2024-09-22T23:05:53","modified_gmt":"2024-09-22T23:05:53","slug":"redes-y-telecomunicaciones","status":"publish","type":"page","link":"https:\/\/telysel.com\/?page_id=139","title":{"rendered":"Redes y Telecomunicaciones"},"content":{"rendered":"<p>[et_pb_section fb_built=&#8221;1&#8243; fullwidth=&#8221;on&#8221; _builder_version=&#8221;4.18.1&#8243; _module_preset=&#8221;default&#8221; width=&#8221;100%&#8221; max_width=&#8221;100%&#8221; global_colors_info=&#8221;{}&#8221;][et_pb_fullwidth_header _builder_version=&#8221;4.18.1&#8243; _module_preset=&#8221;default&#8221; title_level=&#8221;h4&#8243; title_font_size=&#8221;47px&#8221; content_font=&#8221;Aldrich||||||||&#8221; content_text_align=&#8221;center&#8221; content_font_size=&#8221;56px&#8221; background_image=&#8221;https:\/\/telysel.com\/wp-content\/uploads\/2024\/09\/abstract-background-with-low-poly-design-scaled.jpg&#8221; max_width=&#8221;100%&#8221; min_height=&#8221;402px&#8221; height=&#8221;402px&#8221; max_height=&#8221;402px&#8221; global_colors_info=&#8221;{}&#8221;]<\/p>\n<div class=\"page\" title=\"Page 6\">\n<div class=\"section\">\n<div class=\"layoutArea\">\n<div class=\"column\">\n<h1 style=\"text-align: center;\"><\/h1>\n<h1><\/h1>\n<h1><\/h1>\n<h1><\/h1>\n<h1><\/h1>\n<h1>Redes y<\/h1>\n<h1>Telecomunicaciones<\/h1>\n<p>&nbsp;<\/p>\n<p>&nbsp;<\/p>\n<p>&nbsp;<\/p>\n<\/div>\n<\/div>\n<\/div>\n<\/div>\n<p>[\/et_pb_fullwidth_header][\/et_pb_section][et_pb_section fb_built=&#8221;1&#8243; theme_builder_area=&#8221;post_content&#8221; _builder_version=&#8221;4.18.1&#8243; _module_preset=&#8221;default&#8221; hover_enabled=&#8221;0&#8243; sticky_enabled=&#8221;0&#8243;][et_pb_row _builder_version=&#8221;4.18.1&#8243; _module_preset=&#8221;default&#8221; column_structure=&#8221;1_2,1_2&#8243; theme_builder_area=&#8221;post_content&#8221; hover_enabled=&#8221;0&#8243; sticky_enabled=&#8221;0&#8243;][et_pb_column _builder_version=&#8221;4.18.1&#8243; _module_preset=&#8221;default&#8221; type=&#8221;1_2&#8243; theme_builder_area=&#8221;post_content&#8221;][et_pb_blurb image=&#8221;https:\/\/telysel.com\/wp-content\/uploads\/2024\/09\/3786012-1-scaled.jpg&#8221; _builder_version=&#8221;4.18.1&#8243; _module_preset=&#8221;default&#8221; header_level=&#8221;h2&#8243; header_font=&#8221;Aldrich||||||||&#8221; header_text_align=&#8221;left&#8221; header_text_color=&#8221;#224193&#8243; body_text_color=&#8221;#000000&#8243; hover_enabled=&#8221;0&#8243; global_colors_info=&#8221;{}&#8221; theme_builder_area=&#8221;post_content&#8221; sticky_enabled=&#8221;0&#8243;]<\/p>\n<div class=\"page\" title=\"Page 6\">\n<div class=\"section\">\n<div class=\"layoutArea\">\n<div class=\"column\">\n<p><span><\/span><\/p>\n<ul><\/ul>\n<div class=\"page\" title=\"Page 6\">\n<div class=\"section\">\n<div class=\"layoutArea\">\n<div class=\"column\"><\/div>\n<\/div>\n<\/div>\n<\/div>\n<p><span><\/span><\/p>\n<\/div>\n<\/div>\n<\/div>\n<\/div>\n<p>[\/et_pb_blurb][et_pb_blurb image=&#8221;https:\/\/telysel.com\/wp-content\/uploads\/2024\/09\/red-de-datos.jpg&#8221; _builder_version=&#8221;4.18.1&#8243; _module_preset=&#8221;default&#8221; theme_builder_area=&#8221;post_content&#8221; title_text=&#8221;network hub&#8221; hover_enabled=&#8221;0&#8243; sticky_enabled=&#8221;0&#8243; custom_margin=&#8221;-25px||||false|false&#8221;][\/et_pb_blurb][\/et_pb_column][et_pb_column _builder_version=&#8221;4.18.1&#8243; _module_preset=&#8221;default&#8221; type=&#8221;1_2&#8243; theme_builder_area=&#8221;post_content&#8221;][et_pb_accordion _builder_version=&#8221;4.18.1&#8243; _module_preset=&#8221;default&#8221; theme_builder_area=&#8221;post_content&#8221; hover_enabled=&#8221;0&#8243; sticky_enabled=&#8221;0&#8243; toggle_icon=&#8221;&#xe056;||divi||400&#8243;][et_pb_accordion_item title=&#8221;Red de Datos&#8221; _builder_version=&#8221;4.18.1&#8243; _module_preset=&#8221;default&#8221; open=&#8221;off&#8221; theme_builder_area=&#8221;post_content&#8221; open_toggle_text_color=&#8221;gcid-30ff9bfb-7c0c-4397-bee1-4c45eebd7534&#8243; toggle_text_color=&#8221;#FFFFFF&#8221; hover_enabled=&#8221;0&#8243; sticky_enabled=&#8221;0&#8243; toggle_level=&#8221;h3&#8243; toggle_font=&#8221;Aldrich||||||||&#8221; toggle_text_align=&#8221;center&#8221; body_text_color=&#8221;#FFFFFF&#8221; body_font_size=&#8221;18px&#8221; background_color=&#8221;#224193&#8243; background_enable_color=&#8221;on&#8221; global_colors_info=&#8221;{%22gcid-30ff9bfb-7c0c-4397-bee1-4c45eebd7534%22:%91%22open_toggle_text_color%22%93}&#8221;]<\/p>\n<p>Nuestra red de datos proporciona una infraestructura integral y segura, optimizando la conectividad y protegiendo sus operaciones con tecnolog\u00eda avanzada y soluciones personalizadas.<\/p>\n<p>Nuestros servicios incluyen:<\/p>\n<p>[\/et_pb_accordion_item][et_pb_accordion_item title=&#8221;Routing &#038; Switching&#8221; _builder_version=&#8221;4.18.1&#8243; _module_preset=&#8221;default&#8221; theme_builder_area=&#8221;post_content&#8221; hover_enabled=&#8221;0&#8243; sticky_enabled=&#8221;0&#8243; title_text=&#8221;portrait-engineer-job-site-work-hours&#8221; background_enable_image=&#8221;off&#8221; background_color=&#8221;#224193&#8243; background_enable_color=&#8221;on&#8221; open_toggle_text_color=&#8221;#FFFFFF&#8221; toggle_text_color=&#8221;#FFFFFF&#8221; body_text_color=&#8221;#FFFFFF&#8221; toggle_font=&#8221;Aldrich||||||||&#8221; open=&#8221;off&#8221;]<\/p>\n<p>El servicio de Routing &amp; Switching asegura una transmisi\u00f3n de datos eficiente y confiable en su red, optimizando el rendimiento y garantizando la conectividad entre dispositivos a trav\u00e9s de tecnolog\u00eda avanzada y configuraciones personalizadas.<\/p>\n<p>[\/et_pb_accordion_item][et_pb_accordion_item title=&#8221;Ciberseguridad&#8221; _builder_version=&#8221;4.18.1&#8243; _module_preset=&#8221;default&#8221; theme_builder_area=&#8221;post_content&#8221; hover_enabled=&#8221;0&#8243; sticky_enabled=&#8221;0&#8243; title_text=&#8221;portrait-engineer-job-site-work-hours&#8221; background_enable_image=&#8221;off&#8221; background_color=&#8221;#224193&#8243; background_enable_color=&#8221;on&#8221; open_toggle_text_color=&#8221;#FFFFFF&#8221; toggle_text_color=&#8221;#FFFFFF&#8221; body_text_color=&#8221;#FFFFFF&#8221; toggle_font=&#8221;Aldrich||||||||&#8221; open=&#8221;on&#8221;]<\/p>\n<p>Nuestro servicio de Ciberseguridad protege sus datos y sistemas contra amenazas y ataques, implementando medidas proactivas y soluciones adaptativas para garantizar la integridad y confidencialidad de su informaci\u00f3n.<\/p>\n<p>[\/et_pb_accordion_item][et_pb_accordion_item title=&#8221;Infraestructura de red&#8221; _builder_version=&#8221;4.18.1&#8243; _module_preset=&#8221;default&#8221; theme_builder_area=&#8221;post_content&#8221; hover_enabled=&#8221;0&#8243; sticky_enabled=&#8221;0&#8243; title_text=&#8221;portrait-engineer-job-site-work-hours&#8221; background_enable_image=&#8221;off&#8221; background_color=&#8221;#224193&#8243; background_enable_color=&#8221;on&#8221; open_toggle_text_color=&#8221;#FFFFFF&#8221; toggle_text_color=&#8221;#FFFFFF&#8221; body_text_color=&#8221;#FFFFFF&#8221; toggle_font=&#8221;Aldrich||||||||&#8221; open=&#8221;off&#8221;]<\/p>\n<p>Nuestra Infraestructura de Red se dise\u00f1an para optimizar el rendimiento y la conectividad, garantizando una base s\u00f3lida y escalable para todas sus operaciones y servicios digitales.<\/p>\n<p>[\/et_pb_accordion_item][et_pb_accordion_item title=&#8221;CCTV&#8221; _builder_version=&#8221;4.18.1&#8243; _module_preset=&#8221;default&#8221; theme_builder_area=&#8221;post_content&#8221; hover_enabled=&#8221;0&#8243; sticky_enabled=&#8221;0&#8243; title_text=&#8221;portrait-engineer-job-site-work-hours&#8221; background_enable_image=&#8221;off&#8221; background_color=&#8221;#224193&#8243; background_enable_color=&#8221;on&#8221; open_toggle_text_color=&#8221;#FFFFFF&#8221; toggle_text_color=&#8221;#FFFFFF&#8221; body_text_color=&#8221;#FFFFFF&#8221; toggle_font=&#8221;Aldrich||||||||&#8221; open=&#8221;off&#8221;]<\/p>\n<p>Ofrecen vigilancia integral y en tiempo real, proporcionando seguridad y tranquilidad al monitorear de manera constante sus instalaciones y activos.<\/p>\n<p>[\/et_pb_accordion_item][et_pb_accordion_item title=&#8221;Seguridad Electro\u0301nica&#8221; _builder_version=&#8221;4.18.1&#8243; _module_preset=&#8221;default&#8221; theme_builder_area=&#8221;post_content&#8221; hover_enabled=&#8221;0&#8243; sticky_enabled=&#8221;0&#8243; title_text=&#8221;portrait-engineer-job-site-work-hours&#8221; background_enable_image=&#8221;off&#8221; background_color=&#8221;#224193&#8243; background_enable_color=&#8221;on&#8221; open_toggle_text_color=&#8221;#FFFFFF&#8221; toggle_text_color=&#8221;#FFFFFF&#8221; body_text_color=&#8221;#FFFFFF&#8221; toggle_font=&#8221;Aldrich||||||||&#8221; open=&#8221;off&#8221;]<\/p>\n<p>Nuestras soluciones de seguridad electr\u00f3nica integran tecnolog\u00eda avanzada para proteger sus instalaciones, garantizando un entorno seguro mediante sistemas de acceso controlado y alarmas efectivas.<\/p>\n<p>[\/et_pb_accordion_item][et_pb_accordion_item title=&#8221;Soluciones Wireless&#8221; _builder_version=&#8221;4.18.1&#8243; _module_preset=&#8221;default&#8221; theme_builder_area=&#8221;post_content&#8221; hover_enabled=&#8221;0&#8243; sticky_enabled=&#8221;0&#8243; title_text=&#8221;portrait-engineer-job-site-work-hours&#8221; background_enable_image=&#8221;off&#8221; background_color=&#8221;#224193&#8243; background_enable_color=&#8221;on&#8221; open_toggle_text_color=&#8221;#FFFFFF&#8221; toggle_text_color=&#8221;#FFFFFF&#8221; body_text_color=&#8221;#FFFFFF&#8221; toggle_font=&#8221;Aldrich||||||||&#8221; open=&#8221;off&#8221;]<\/p>\n<p>Ofrecemos soluciones wireless que aseguran conectividad confiable y de alta velocidad, optimizando la comunicaci\u00f3n y el rendimiento en entornos empresariales y p\u00fablicos.<\/p>\n<p>[\/et_pb_accordion_item][\/et_pb_accordion][\/et_pb_column][\/et_pb_row][et_pb_row _builder_version=&#8221;4.18.1&#8243; _module_preset=&#8221;default&#8221; theme_builder_area=&#8221;post_content&#8221; hover_enabled=&#8221;0&#8243; sticky_enabled=&#8221;0&#8243;][et_pb_column _builder_version=&#8221;4.18.1&#8243; _module_preset=&#8221;default&#8221; type=&#8221;4_4&#8243; theme_builder_area=&#8221;post_content&#8221;][et_pb_text _builder_version=&#8221;4.18.1&#8243; _module_preset=&#8221;default&#8221; theme_builder_area=&#8221;post_content&#8221; header_font=&#8221;Aldrich|700|||||||&#8221; hover_enabled=&#8221;0&#8243; sticky_enabled=&#8221;0&#8243; text_font=&#8221;Aldrich|700|||||||&#8221; text_line_height=&#8221;1.9em&#8221; text_letter_spacing=&#8221;1px&#8221; text_orientation=&#8221;center&#8221; text_text_color=&#8221;#224193&#8243; custom_margin=&#8221;14px||||false|false&#8221; text_font_size=&#8221;19px&#8221; header_font_size=&#8221;44px&#8221;]<\/p>\n<h2 class=\"et_pb_module_header et-fb-editable-element et-fb-editable-element__editing\" data-shortcode-id=\"1.0.2.0-1727039350483\" data-quickaccess-id=\"header\" contenteditable=\"true\" style=\"text-align: center;\">Configuraci\u00f3n y Administraci\u00f3n de Dispositivos<\/h2>\n<p>[\/et_pb_text][\/et_pb_column][\/et_pb_row][et_pb_row _builder_version=&#8221;4.18.1&#8243; _module_preset=&#8221;default&#8221; column_structure=&#8221;1_4,1_4,1_4,1_4&#8243; theme_builder_area=&#8221;post_content&#8221; hover_enabled=&#8221;0&#8243; sticky_enabled=&#8221;0&#8243;][et_pb_column _builder_version=&#8221;4.18.1&#8243; _module_preset=&#8221;default&#8221; type=&#8221;1_4&#8243; theme_builder_area=&#8221;post_content&#8221;][et_pb_blurb title=&#8221;Switches&#8221; image=&#8221;https:\/\/telysel.com\/wp-content\/uploads\/2024\/09\/core-switch.png&#8221; _builder_version=&#8221;4.18.1&#8243; _module_preset=&#8221;default&#8221; theme_builder_area=&#8221;post_content&#8221; hover_enabled=&#8221;0&#8243; sticky_enabled=&#8221;0&#8243; header_font=&#8221;Aldrich||||||||&#8221; header_text_color=&#8221;#224193&#8243; body_text_color=&#8221;#222244&#8243; title_text=&#8221;core-switch&#8221;]<\/p>\n<p>Garantizan una gesti\u00f3n eficiente del tr\u00e1fico de red, brindando conectividad r\u00e1pida y segura para entornos empresariales de cualquier tama\u00f1o.<\/p>\n<p>[\/et_pb_blurb][\/et_pb_column][et_pb_column _builder_version=&#8221;4.18.1&#8243; _module_preset=&#8221;default&#8221; type=&#8221;1_4&#8243; theme_builder_area=&#8221;post_content&#8221;][et_pb_blurb title=&#8221;Routers&#8221; image=&#8221;https:\/\/telysel.com\/wp-content\/uploads\/2024\/09\/wifi-router.png&#8221; _builder_version=&#8221;4.18.1&#8243; _module_preset=&#8221;default&#8221; theme_builder_area=&#8221;post_content&#8221; title_text=&#8221;wifi-router&#8221; hover_enabled=&#8221;0&#8243; sticky_enabled=&#8221;0&#8243; header_font=&#8221;Aldrich||||||||&#8221; header_text_color=&#8221;#224193&#8243; body_text_color=&#8221;#222244&#8243;]<\/p>\n<p>Proporcionan conexiones estables y seguras, optimizando el tr\u00e1fico de red para garantizar un rendimiento \u00f3ptimo y eficiente en cualquier entorno empresarial.<\/p>\n<p>[\/et_pb_blurb][\/et_pb_column][et_pb_column _builder_version=&#8221;4.18.1&#8243; _module_preset=&#8221;default&#8221; type=&#8221;1_4&#8243; theme_builder_area=&#8221;post_content&#8221;][et_pb_blurb title=&#8221;Access Point Firewall&#8221; image=&#8221;https:\/\/telysel.com\/wp-content\/uploads\/2024\/09\/verified.png&#8221; _builder_version=&#8221;4.18.1&#8243; _module_preset=&#8221;default&#8221; theme_builder_area=&#8221;post_content&#8221; title_text=&#8221;verified&#8221; header_font=&#8221;Aldrich||||||||&#8221; header_text_color=&#8221;#224193&#8243; body_text_color=&#8221;#222244&#8243; hover_enabled=&#8221;0&#8243; sticky_enabled=&#8221;0&#8243;]<\/p>\n<p>Nuestros Access Points con firewall integrados ofrecen una capa adicional de seguridad, permitiendo conexiones inal\u00e1mbricas seguras mientras protegen la red de amenazas externas.<\/p>\n<p>[\/et_pb_blurb][\/et_pb_column][et_pb_column _builder_version=&#8221;4.18.1&#8243; _module_preset=&#8221;default&#8221; type=&#8221;1_4&#8243; theme_builder_area=&#8221;post_content&#8221;][et_pb_blurb title=&#8221;Videograbadores NVR, DVR&#8221; image=&#8221;https:\/\/telysel.com\/wp-content\/uploads\/2024\/09\/security-camera.png&#8221; _builder_version=&#8221;4.18.1&#8243; _module_preset=&#8221;default&#8221; theme_builder_area=&#8221;post_content&#8221; hover_enabled=&#8221;0&#8243; sticky_enabled=&#8221;0&#8243; title_text=&#8221;security-camera&#8221; header_font=&#8221;Aldrich||||||||&#8221; header_text_color=&#8221;#224193&#8243; body_text_color=&#8221;#222244&#8243;]<\/p>\n<p>Permiten una gesti\u00f3n eficiente de grabaciones de video, asegurando una vigilancia continua y de alta calidad para la protecci\u00f3n de sus instalaciones.<\/p>\n<p>[\/et_pb_blurb][\/et_pb_column][\/et_pb_row][\/et_pb_section][et_pb_section fb_built=&#8221;1&#8243; theme_builder_area=&#8221;post_content&#8221; _builder_version=&#8221;4.18.1&#8243; _module_preset=&#8221;default&#8221;][et_pb_row _builder_version=&#8221;4.18.1&#8243; _module_preset=&#8221;default&#8221; theme_builder_area=&#8221;post_content&#8221; hover_enabled=&#8221;0&#8243; sticky_enabled=&#8221;0&#8243;][et_pb_column _builder_version=&#8221;4.18.1&#8243; _module_preset=&#8221;default&#8221; type=&#8221;4_4&#8243; theme_builder_area=&#8221;post_content&#8221;][et_pb_slider _builder_version=&#8221;4.18.1&#8243; _module_preset=&#8221;default&#8221; theme_builder_area=&#8221;post_content&#8221; hover_enabled=&#8221;0&#8243; sticky_enabled=&#8221;0&#8243;][et_pb_slide heading=&#8221;Wireless&#8221; button_text=&#8221;Explorar&#8221; _builder_version=&#8221;4.18.1&#8243; _module_preset=&#8221;default&#8221; theme_builder_area=&#8221;post_content&#8221; title_text=&#8221;markus-spiske-iar-afB0QQw-unsplash&#8221; background_image=&#8221;https:\/\/telysel.com\/wp-content\/uploads\/2024\/09\/markus-spiske-iar-afB0QQw-unsplash-scaled.jpg&#8221; background_enable_image=&#8221;on&#8221; header_font=&#8221;Aldrich||||||||&#8221; hover_enabled=&#8221;0&#8243; sticky_enabled=&#8221;0&#8243; header_text_color=&#8221;#2EA3F2&#8243; body_font_size=&#8221;19px&#8221;]<\/p>\n<p>Nuestras soluciones inal\u00e1mbricas ofrecen conectividad robusta y confiable, permitiendo una comunicaci\u00f3n eficiente y sin interrupciones en entornos empresariales.<\/p>\n<p>[\/et_pb_slide][et_pb_slide heading=&#8221;Centros Comerciales&#8221; _builder_version=&#8221;4.18.1&#8243; _module_preset=&#8221;default&#8221; theme_builder_area=&#8221;post_content&#8221; hover_enabled=&#8221;0&#8243; sticky_enabled=&#8221;0&#8243; custom_button=&#8221;on&#8221; button_use_icon=&#8221;off&#8221; header_font=&#8221;Aldrich||||||||&#8221; use_background_color_gradient=&#8221;on&#8221; title_text=&#8221;file_pnexlz_re3lfw&#8221; background_image=&#8221;https:\/\/telysel.com\/wp-content\/uploads\/2024\/09\/file_pnexlz_re3lfw.png&#8221; background_enable_image=&#8221;on&#8221; header_text_color=&#8221;#2EA3F2&#8243; body_font_size=&#8221;19px&#8221;]<\/p>\n<p>Nuestras soluciones inal\u00e1mbricas para centros comerciales garantizan una conectividad r\u00e1pida y segura, mejorando la experiencia del cliente y facilitando operaciones comerciales eficientes.<\/p>\n<p>[\/et_pb_slide][et_pb_slide heading=&#8221;Campus universitarios&#8221; _builder_version=&#8221;4.18.1&#8243; _module_preset=&#8221;default&#8221; theme_builder_area=&#8221;post_content&#8221; hover_enabled=&#8221;0&#8243; sticky_enabled=&#8221;0&#8243; custom_button=&#8221;on&#8221; button_use_icon=&#8221;off&#8221; header_font=&#8221;Aldrich||||||||&#8221; use_background_color_gradient=&#8221;on&#8221; title_text=&#8221;student-internet-deals-tech-discounts-hero-901866926&#8243; background_image=&#8221;https:\/\/telysel.com\/wp-content\/uploads\/2024\/09\/student-internet-deals-tech-discounts-hero-901866926.webp&#8221; background_enable_image=&#8221;on&#8221; header_text_color=&#8221;#2EA3F2&#8243; body_font_size=&#8221;19px&#8221;]<\/p>\n<p>Nuestros servicios incluyen la instalaci\u00f3n de puntos de acceso estrat\u00e9gicamente ubicados, asegurando que estudiantes y personal disfruten de una experiencia de navegaci\u00f3n fluida y eficiente en cualquier momento y lugar.<\/p>\n<p>[\/et_pb_slide][et_pb_slide heading=&#8221;Parques recreativos&#8221; _builder_version=&#8221;4.18.1&#8243; _module_preset=&#8221;default&#8221; theme_builder_area=&#8221;post_content&#8221; hover_enabled=&#8221;0&#8243; sticky_enabled=&#8221;0&#8243; custom_button=&#8221;on&#8221; button_use_icon=&#8221;off&#8221; header_font=&#8221;Aldrich||||||||&#8221; use_background_color_gradient=&#8221;on&#8221; title_text=&#8221;aa&#8221; background_image=&#8221;https:\/\/telysel.com\/wp-content\/uploads\/2024\/09\/aa-scaled.jpg&#8221; background_enable_image=&#8221;on&#8221; header_text_color=&#8221;#2EA3F2&#8243; body_font_size=&#8221;19px&#8221;]<\/p>\n<p>Brindamos soluciones inal\u00e1mbricas para parques recreativos, asegurando que los visitantes disfruten de una conectividad estable y segura mientras exploran y se divierten. Nuestro servicio incluye la instalaci\u00f3n de puntos de acceso en \u00e1reas clave, permitiendo el acceso a internet en tiempo real para compartir experiencias y disfrutar de actividades al aire libre sin interrupciones.<\/p>\n<p>[\/et_pb_slide][et_pb_slide heading=&#8221;Industria&#8221; _builder_version=&#8221;4.18.1&#8243; _module_preset=&#8221;default&#8221; theme_builder_area=&#8221;post_content&#8221; hover_enabled=&#8221;0&#8243; sticky_enabled=&#8221;0&#8243; custom_button=&#8221;on&#8221; button_use_icon=&#8221;off&#8221; header_font=&#8221;Aldrich||||||||&#8221; use_background_color_gradient=&#8221;on&#8221; title_text=&#8221;Who-we-are-page-top-image-1&#8243; background_image=&#8221;https:\/\/telysel.com\/wp-content\/uploads\/2024\/09\/Who-we-are-page-top-image-1.jpg&#8221; background_enable_image=&#8221;on&#8221; header_text_color=&#8221;#2EA3F2&#8243; body_font_size=&#8221;19px&#8221;]<\/p>\n<p>Proporcionamos soluciones inal\u00e1mbricas adaptadas a entornos industriales, asegurando una conectividad robusta y segura para equipos y maquinaria. Nuestras instalaciones permiten la monitorizaci\u00f3n en tiempo real y la comunicaci\u00f3n eficiente, optimizando procesos y aumentando la productividad en la industria.<\/p>\n<p>[\/et_pb_slide][\/et_pb_slider][\/et_pb_column][\/et_pb_row][\/et_pb_section]<\/p>\n","protected":false},"excerpt":{"rendered":"<p>Redes y Telecomunicaciones &nbsp; &nbsp; &nbsp; Nuestra red de datos proporciona una infraestructura integral y segura, optimizando la conectividad y protegiendo sus operaciones con tecnolog\u00eda avanzada y soluciones personalizadas. Nuestros servicios incluyen:El servicio de Routing &amp; Switching asegura una transmisi\u00f3n de datos eficiente y confiable en su red, optimizando el rendimiento y garantizando la conectividad [&hellip;]<\/p>\n","protected":false},"author":2,"featured_media":0,"parent":0,"menu_order":0,"comment_status":"closed","ping_status":"closed","template":"","meta":{"_et_pb_use_builder":"on","_et_pb_old_content":"","_et_gb_content_width":"","footnotes":""},"class_list":["post-139","page","type-page","status-publish","hentry"],"jetpack_sharing_enabled":true,"_links":{"self":[{"href":"https:\/\/telysel.com\/index.php?rest_route=\/wp\/v2\/pages\/139","targetHints":{"allow":["GET"]}}],"collection":[{"href":"https:\/\/telysel.com\/index.php?rest_route=\/wp\/v2\/pages"}],"about":[{"href":"https:\/\/telysel.com\/index.php?rest_route=\/wp\/v2\/types\/page"}],"author":[{"embeddable":true,"href":"https:\/\/telysel.com\/index.php?rest_route=\/wp\/v2\/users\/2"}],"replies":[{"embeddable":true,"href":"https:\/\/telysel.com\/index.php?rest_route=%2Fwp%2Fv2%2Fcomments&post=139"}],"version-history":[{"count":15,"href":"https:\/\/telysel.com\/index.php?rest_route=\/wp\/v2\/pages\/139\/revisions"}],"predecessor-version":[{"id":379,"href":"https:\/\/telysel.com\/index.php?rest_route=\/wp\/v2\/pages\/139\/revisions\/379"}],"wp:attachment":[{"href":"https:\/\/telysel.com\/index.php?rest_route=%2Fwp%2Fv2%2Fmedia&parent=139"}],"curies":[{"name":"wp","href":"https:\/\/api.w.org\/{rel}","templated":true}]}}